{"id":69,"date":"2020-01-27T08:05:29","date_gmt":"2020-01-27T08:05:29","guid":{"rendered":"https:\/\/demosites.io\/web-agency-gb\/?page_id=69"},"modified":"2023-07-06T21:41:03","modified_gmt":"2023-07-06T21:41:03","slug":"15c42-web-agency-gb-portfolio","status":"publish","type":"page","link":"https:\/\/pampaventures.com\/index.php\/15c42-web-agency-gb-portfolio\/","title":{"rendered":"Portfolio"},"content":{"rendered":"\n<p><\/p>\n\n\n\n<p>Para respetar la privacidad de nuestros inversores, una gran cantidad de nuestros proyectos los trabajamos bajo <strong>estricta confidencialidad<\/strong>. <\/p>\n\n\n\n<p>Aqu\u00ed les contamos brevemente sobre algunos de los proyectos que son de p\u00fablico conocimiento:<\/p>\n\n\n\n<div class=\"wp-block-cover alignfull\" style=\"min-height:600px\"><span aria-hidden=\"true\" class=\"wp-block-cover__background has-nv-light-bg-background-color has-background-dim-100 has-background-dim\"><\/span><div class=\"wp-block-cover__inner-container\">\n<div class=\"wp-block-group is-layout-flow\"><div class=\"wp-block-group__inner-container\">\n<div style=\"height:80px\" aria-hidden=\"true\" class=\"wp-block-spacer\"><\/div>\n\n\n\n<div class=\"wp-block-columns are-vertically-aligned-center is-layout-flex wp-container-3\">\n<div class=\"wp-block-column is-vertically-aligned-center is-layout-flow\" style=\"flex-basis:50%\"><div class=\"wp-block-image\">\n<figure class=\"aligncenter size-full is-resized\"><img decoding=\"async\" loading=\"lazy\" src=\"https:\/\/pampaventures.com\/wp-content\/uploads\/2023\/07\/Claz.me_-1.png\" alt=\"\" class=\"wp-image-354\" width=\"353\" height=\"353\" srcset=\"https:\/\/pampaventures.com\/wp-content\/uploads\/2023\/07\/Claz.me_-1.png 600w, https:\/\/pampaventures.com\/wp-content\/uploads\/2023\/07\/Claz.me_-1-300x300.png 300w, https:\/\/pampaventures.com\/wp-content\/uploads\/2023\/07\/Claz.me_-1-150x150.png 150w\" sizes=\"(max-width: 353px) 100vw, 353px\" \/><\/figure><\/div>\n\n\n<div style=\"height:42px\" aria-hidden=\"true\" class=\"wp-block-spacer\"><\/div>\n\n\n\n<h3 class=\"wp-block-heading has-text-align-center has-neve-text-color-color has-text-color\">Claz.me<\/h3>\n\n\n\n<p class=\"has-text-align-center\"><strong><mark style=\"background-color:rgba(0, 0, 0, 0)\" class=\"has-inline-color has-nv-dark-bg-color\">Start-up del sector de educaci\u00f3n virtual<\/mark><\/strong><\/p>\n\n\n\n<p class=\"has-text-align-center has-neve-text-color-color has-text-color\">Analizamos el product-market fit, realizamos un MVP con su respectivo Business Plan. Presentamos el proyecto ante diferentes foros de inversores. Luego logramos levantar una ronda de capital semilla y una primera ronda internacional.<\/p>\n\n\n\n<div style=\"height:40px\" aria-hidden=\"true\" class=\"wp-block-spacer\"><\/div>\n<\/div>\n\n\n\n<div class=\"wp-block-column is-vertically-aligned-center is-layout-flow\" style=\"flex-basis:50%\"><div class=\"wp-block-image\">\n<figure class=\"aligncenter size-full is-resized\"><img decoding=\"async\" loading=\"lazy\" src=\"https:\/\/pampaventures.com\/wp-content\/uploads\/2023\/07\/vw-logo-2x.png\" alt=\"\" class=\"wp-image-356\" width=\"339\" height=\"339\" srcset=\"https:\/\/pampaventures.com\/wp-content\/uploads\/2023\/07\/vw-logo-2x.png 325w, https:\/\/pampaventures.com\/wp-content\/uploads\/2023\/07\/vw-logo-2x-300x300.png 300w, https:\/\/pampaventures.com\/wp-content\/uploads\/2023\/07\/vw-logo-2x-150x150.png 150w\" sizes=\"(max-width: 339px) 100vw, 339px\" \/><\/figure><\/div>\n\n\n<div style=\"height:42px\" aria-hidden=\"true\" class=\"wp-block-spacer\"><\/div>\n\n\n\n<h3 class=\"wp-block-heading has-text-align-center has-neve-text-color-color has-text-color\">Volks Wagen<\/h3>\n\n\n\n<p class=\"has-text-align-center\"><strong><mark style=\"background-color:rgba(0, 0, 0, 0)\" class=\"has-inline-color has-nv-dark-bg-color\">Emrpesa del sector automotriz<\/mark><\/strong><\/p>\n\n\n\n<p class=\"has-text-align-center has-neve-text-color-color has-text-color\">Proyecto de visualizaci\u00f3n de datos de Business Intelligence. Generando soluciones de calidad de datos, as\u00ed como extracci\u00f3n y conectividad de los mismos para obtener mejores reportes para los mandos directivos de la empresa.<\/p>\n\n\n\n<div style=\"height:40px\" aria-hidden=\"true\" class=\"wp-block-spacer\"><\/div>\n<\/div>\n<\/div>\n\n\n\n<div style=\"height:40px\" aria-hidden=\"true\" class=\"wp-block-spacer\"><\/div>\n<\/div><\/div>\n<\/div><\/div>\n\n\n\n<div class=\"wp-block-cover alignfull\" style=\"min-height:600px\"><span aria-hidden=\"true\" class=\"wp-block-cover__background has-nv-site-bg-background-color has-background-dim-100 has-background-dim\"><\/span><div class=\"wp-block-cover__inner-container\">\n<div class=\"wp-block-group is-layout-flow\"><div class=\"wp-block-group__inner-container\">\n<div style=\"height:80px\" aria-hidden=\"true\" class=\"wp-block-spacer\"><\/div>\n\n\n\n<div class=\"wp-block-columns are-vertically-aligned-center is-layout-flex wp-container-7\">\n<div class=\"wp-block-column is-vertically-aligned-center is-layout-flow\" style=\"flex-basis:50%\"><div class=\"wp-block-image\">\n<figure class=\"aligncenter size-large is-resized\"><img decoding=\"async\" loading=\"lazy\" src=\"https:\/\/pampaventures.com\/wp-content\/uploads\/2023\/07\/BT-1024x683.jpg\" alt=\"\" class=\"wp-image-357\" width=\"592\" height=\"394\" srcset=\"https:\/\/pampaventures.com\/wp-content\/uploads\/2023\/07\/BT-1024x683.jpg 1024w, https:\/\/pampaventures.com\/wp-content\/uploads\/2023\/07\/BT-300x200.jpg 300w, https:\/\/pampaventures.com\/wp-content\/uploads\/2023\/07\/BT-768x512.jpg 768w, https:\/\/pampaventures.com\/wp-content\/uploads\/2023\/07\/BT-930x620.jpg 930w, https:\/\/pampaventures.com\/wp-content\/uploads\/2023\/07\/BT.jpg 1222w\" sizes=\"(max-width: 592px) 100vw, 592px\" \/><\/figure><\/div>\n\n\n<div style=\"height:61px\" aria-hidden=\"true\" class=\"wp-block-spacer\"><\/div>\n\n\n\n<h3 class=\"wp-block-heading has-text-align-center has-neve-text-color-color has-text-color\">British Telco<\/h3>\n\n\n\n<p class=\"has-text-align-center\"><mark style=\"background-color:rgba(0, 0, 0, 0)\" class=\"has-inline-color has-nv-dark-bg-color\"><strong>Empresa de telecomunicaciones brit\u00e1nica<\/strong><\/mark><\/p>\n\n\n\n<p class=\"has-text-align-center has-neve-text-color-color has-text-color\">Migraci\u00f3n de plataforma de CRM y automatizaci\u00f3n de comunicaciones con los clientes. Estructura multicanal de SMS, emails y notificaciones push. Implementaci\u00f3n de nuevos procesos aplicando metodolog\u00edas Agiles y definici\u00f3n de KPIs para su medici\u00f3n.<\/p>\n\n\n\n<div style=\"height:40px\" aria-hidden=\"true\" class=\"wp-block-spacer\"><\/div>\n<\/div>\n\n\n\n<div class=\"wp-block-column is-vertically-aligned-center is-layout-flow\" style=\"flex-basis:50%\"><div class=\"wp-block-image\">\n<figure class=\"aligncenter size-full is-resized\"><img decoding=\"async\" loading=\"lazy\" src=\"https:\/\/pampaventures.com\/wp-content\/uploads\/2023\/07\/BA2.png\" alt=\"\" class=\"wp-image-358\" width=\"425\" height=\"427\" srcset=\"https:\/\/pampaventures.com\/wp-content\/uploads\/2023\/07\/BA2.png 224w, https:\/\/pampaventures.com\/wp-content\/uploads\/2023\/07\/BA2-150x150.png 150w\" sizes=\"(max-width: 425px) 100vw, 425px\" \/><\/figure><\/div>\n\n\n<div style=\"height:61px\" aria-hidden=\"true\" class=\"wp-block-spacer\"><\/div>\n\n\n\n<h3 class=\"wp-block-heading has-text-align-center has-neve-text-color-color has-text-color\">British Airways<\/h3>\n\n\n\n<p class=\"has-text-align-center\"><strong><mark style=\"background-color:rgba(0, 0, 0, 0)\" class=\"has-inline-color has-nv-dark-bg-color\">Aerol\u00ednea brit\u00e1nica<\/mark><\/strong><\/p>\n\n\n\n<p class=\"has-text-align-center has-neve-text-color-color has-text-color\">Migraci\u00f3n de antiguo sistema de automatizaci\u00f3n de comunicaciones a nueva plataforma de CRM, recreando y redefiniendo procesos internos y flujos de interacciones con los clientes. Definici\u00f3n de nuevas estructuras de equipos y roles necesarios. Estructuraci\u00f3n de nuevas metodolog\u00edas de trabajo Agiles.<\/p>\n\n\n\n<div style=\"height:40px\" aria-hidden=\"true\" class=\"wp-block-spacer\"><\/div>\n<\/div>\n<\/div>\n\n\n\n<div style=\"height:40px\" aria-hidden=\"true\" class=\"wp-block-spacer\"><\/div>\n<\/div><\/div>\n<\/div><\/div>\n\n\n\n<div class=\"wp-block-cover alignfull\" style=\"min-height:600px\"><span aria-hidden=\"true\" class=\"wp-block-cover__background has-nv-light-bg-background-color has-background-dim-100 has-background-dim\"><\/span><div class=\"wp-block-cover__inner-container\">\n<div class=\"wp-block-group is-layout-flow\"><div class=\"wp-block-group__inner-container\">\n<div style=\"height:80px\" aria-hidden=\"true\" class=\"wp-block-spacer\"><\/div>\n\n\n\n<div class=\"wp-block-columns are-vertically-aligned-center is-layout-flex wp-container-11\">\n<div class=\"wp-block-column is-vertically-aligned-center is-layout-flow\" style=\"flex-basis:50%\"><div class=\"wp-block-image\">\n<figure class=\"aligncenter size-full\"><img decoding=\"async\" loading=\"lazy\" width=\"500\" height=\"441\" src=\"https:\/\/pampaventures.com\/wp-content\/uploads\/2023\/07\/Lynk.jpg\" alt=\"\" class=\"wp-image-359\" srcset=\"https:\/\/pampaventures.com\/wp-content\/uploads\/2023\/07\/Lynk.jpg 500w, https:\/\/pampaventures.com\/wp-content\/uploads\/2023\/07\/Lynk-300x265.jpg 300w\" sizes=\"(max-width: 500px) 100vw, 500px\" \/><\/figure><\/div>\n\n\n<div style=\"height:42px\" aria-hidden=\"true\" class=\"wp-block-spacer\"><\/div>\n\n\n\n<h3 class=\"wp-block-heading has-text-align-center has-neve-text-color-color has-text-color\">Lynk&amp;Co<\/h3>\n\n\n\n<p class=\"has-text-align-center\"><mark style=\"background-color:rgba(0, 0, 0, 0)\" class=\"has-inline-color has-nv-dark-bg-color\"><strong>Empresa del sector automoci\u00f3n<\/strong><\/mark><\/p>\n\n\n\n<p class=\"has-text-align-center has-neve-text-color-color has-text-color\">Definici\u00f3n y automatizaci\u00f3n del proceso de ventas B2B. Desarrollo de nuevos procesos para el crecimiento de la empresa. Liderar procesos de transformaci\u00f3n digital as\u00ed como diversas iniciativas cros-funcionales para los mandos directivos. Consultor\u00eda en estrategia de producto.<\/p>\n\n\n\n<div style=\"height:40px\" aria-hidden=\"true\" class=\"wp-block-spacer\"><\/div>\n<\/div>\n\n\n\n<div class=\"wp-block-column is-vertically-aligned-center is-layout-flow\" style=\"flex-basis:50%\"><div class=\"wp-block-image\">\n<figure class=\"aligncenter size-large is-resized\"><img decoding=\"async\" loading=\"lazy\" src=\"https:\/\/pampaventures.com\/wp-content\/uploads\/2023\/07\/Casa-Basses-Estanteria-1024x1024.jpg\" alt=\"\" class=\"wp-image-360\" width=\"439\" height=\"439\" srcset=\"https:\/\/pampaventures.com\/wp-content\/uploads\/2023\/07\/Casa-Basses-Estanteria-1024x1024.jpg 1024w, https:\/\/pampaventures.com\/wp-content\/uploads\/2023\/07\/Casa-Basses-Estanteria-300x300.jpg 300w, https:\/\/pampaventures.com\/wp-content\/uploads\/2023\/07\/Casa-Basses-Estanteria-150x150.jpg 150w, https:\/\/pampaventures.com\/wp-content\/uploads\/2023\/07\/Casa-Basses-Estanteria-768x768.jpg 768w, https:\/\/pampaventures.com\/wp-content\/uploads\/2023\/07\/Casa-Basses-Estanteria.jpg 1080w\" sizes=\"(max-width: 439px) 100vw, 439px\" \/><\/figure><\/div>\n\n\n<div style=\"height:42px\" aria-hidden=\"true\" class=\"wp-block-spacer\"><\/div>\n\n\n\n<h3 class=\"wp-block-heading has-text-align-center has-neve-text-color-color has-text-color\">Home Hunt Hero<\/h3>\n\n\n\n<p class=\"has-text-align-center\"><mark style=\"background-color:rgba(0, 0, 0, 0)\" class=\"has-inline-color has-nv-dark-bg-color\"><strong>Empresa de reformas e interiorismo<\/strong><\/mark><\/p>\n\n\n\n<p class=\"has-text-align-center has-neve-text-color-color has-text-color\">Definici\u00f3n de Busienss Plan para empresa de reformas. Hemos encontrado una excelente oportunidad de inversi\u00f3n, seleccionado proveedores y materiales finales. Proyecto de interiorismo y posterior administraci\u00f3n. As\u00ed como crear sus canales en redes sociales para continuar operando y captando nuevos clientes.<\/p>\n\n\n\n<div style=\"height:40px\" aria-hidden=\"true\" class=\"wp-block-spacer\"><\/div>\n<\/div>\n<\/div>\n\n\n\n<div style=\"height:40px\" aria-hidden=\"true\" class=\"wp-block-spacer\"><\/div>\n<\/div><\/div>\n<\/div><\/div>\n\n\n\n<div class=\"wp-block-cover alignfull\" style=\"min-height:600px\"><span aria-hidden=\"true\" class=\"wp-block-cover__background has-nv-site-bg-background-color has-background-dim-100 has-background-dim\"><\/span><div class=\"wp-block-cover__inner-container\">\n<div class=\"wp-block-group is-layout-flow\"><div class=\"wp-block-group__inner-container\">\n<div style=\"height:80px\" aria-hidden=\"true\" class=\"wp-block-spacer\"><\/div>\n\n\n\n<div class=\"wp-block-columns are-vertically-aligned-center is-layout-flex wp-container-16\">\n<div class=\"wp-block-column is-vertically-aligned-center is-layout-flow\" style=\"flex-basis:50%\"><div class=\"wp-block-image\">\n<figure class=\"aligncenter size-large is-resized\"><img decoding=\"async\" loading=\"lazy\" src=\"https:\/\/pampaventures.com\/wp-content\/uploads\/2023\/07\/ecommerce-logo-icon-free-vector-1024x1024.jpg\" alt=\"\" class=\"wp-image-389\" width=\"400\" height=\"400\" srcset=\"https:\/\/pampaventures.com\/wp-content\/uploads\/2023\/07\/ecommerce-logo-icon-free-vector-1024x1024.jpg 1024w, https:\/\/pampaventures.com\/wp-content\/uploads\/2023\/07\/ecommerce-logo-icon-free-vector-300x300.jpg 300w, https:\/\/pampaventures.com\/wp-content\/uploads\/2023\/07\/ecommerce-logo-icon-free-vector-150x150.jpg 150w, https:\/\/pampaventures.com\/wp-content\/uploads\/2023\/07\/ecommerce-logo-icon-free-vector-768x768.jpg 768w, https:\/\/pampaventures.com\/wp-content\/uploads\/2023\/07\/ecommerce-logo-icon-free-vector-1536x1536.jpg 1536w, https:\/\/pampaventures.com\/wp-content\/uploads\/2023\/07\/ecommerce-logo-icon-free-vector.jpg 1920w\" sizes=\"(max-width: 400px) 100vw, 400px\" \/><\/figure><\/div>\n\n\n<div style=\"height:34px\" aria-hidden=\"true\" class=\"wp-block-spacer\"><\/div>\n\n\n\n<h3 class=\"wp-block-heading has-text-align-center has-neve-text-color-color has-text-color\">eCommerce<\/h3>\n\n\n\n<p class=\"has-text-align-center\"><mark style=\"background-color:rgba(0, 0, 0, 0)\" class=\"has-inline-color has-nv-dark-bg-color\"><strong>Paquete de digitalizaci\u00f3n para una empresa mediana<\/strong><\/mark><\/p>\n\n\n\n<p class=\"has-text-align-center has-neve-text-color-color has-text-color\">Realizamos un proyecto de branding personalizado para modernizar la imagen de la empresa. Creamos una tienda eCommerce conectada autom\u00e1ticamente con su sistema de inventario. Creamos un plan de marketing y una presencia en Instagram. Ense\u00f1amos a utilizar estas nuevas herramientas.<\/p>\n\n\n\n<div style=\"height:40px\" aria-hidden=\"true\" class=\"wp-block-spacer\"><\/div>\n<\/div>\n\n\n\n<div class=\"wp-block-column is-vertically-aligned-center is-layout-flow\" style=\"flex-basis:50%\"><div class=\"wp-block-image\">\n<figure class=\"aligncenter size-large\"><img decoding=\"async\" loading=\"lazy\" width=\"1024\" height=\"683\" src=\"https:\/\/pampaventures.com\/wp-content\/uploads\/2023\/07\/foto_mr.-think_blog_la-importancia-del-logo-1024x683.jpg\" alt=\"\" class=\"wp-image-390\" srcset=\"https:\/\/pampaventures.com\/wp-content\/uploads\/2023\/07\/foto_mr.-think_blog_la-importancia-del-logo-1024x683.jpg 1024w, https:\/\/pampaventures.com\/wp-content\/uploads\/2023\/07\/foto_mr.-think_blog_la-importancia-del-logo-300x200.jpg 300w, https:\/\/pampaventures.com\/wp-content\/uploads\/2023\/07\/foto_mr.-think_blog_la-importancia-del-logo-768x512.jpg 768w, https:\/\/pampaventures.com\/wp-content\/uploads\/2023\/07\/foto_mr.-think_blog_la-importancia-del-logo-930x620.jpg 930w, https:\/\/pampaventures.com\/wp-content\/uploads\/2023\/07\/foto_mr.-think_blog_la-importancia-del-logo.jpg 1417w\" sizes=\"(max-width: 1024px) 100vw, 1024px\" \/><\/figure><\/div>\n\n\n<div style=\"height:0px\" aria-hidden=\"true\" class=\"wp-block-spacer\"><\/div>\n\n\n\n<h3 class=\"wp-block-heading has-text-align-center has-neve-text-color-color has-text-color\">T\u00fa puedes ser nuestro pr\u00f3ximo caso de \u00e9xito<\/h3>\n\n\n\n<p class=\"has-text-align-center\"><strong><mark style=\"background-color:rgba(0, 0, 0, 0)\" class=\"has-inline-color has-nv-dark-bg-color\">Por qu\u00e9 no creamos un proyecto juntos?<\/mark><\/strong><\/p>\n\n\n\n<p class=\"has-text-align-center has-neve-text-color-color has-text-color\">Si hace tiempo que tienes una idea y no has podido tener el tiempo de materializarla, cont\u00e1ctanos y te ayudaremos a hacerla realidad!<\/p>\n\n\n\n<div style=\"height:0px\" aria-hidden=\"true\" class=\"wp-block-spacer\"><\/div>\n\n\n\n<div class=\"wp-block-buttons is-content-justification-center is-layout-flex wp-container-14\">\n<div class=\"wp-block-button\"><a class=\"wp-block-button__link wp-element-button\" href=\"https:\/\/pampaventures.com\/index.php\/15c42-web-agency-gb-contact-us\/\">Contacto<\/a><\/div>\n<\/div>\n<\/div>\n<\/div>\n\n\n\n<div style=\"height:40px\" aria-hidden=\"true\" class=\"wp-block-spacer\"><\/div>\n<\/div><\/div>\n<\/div><\/div>\n","protected":false},"excerpt":{"rendered":"<p>Para respetar la privacidad de nuestros inversores, una gran cantidad de nuestros proyectos los trabajamos bajo estricta confidencialidad. Aqu\u00ed les contamos brevemente sobre algunos de los proyectos que son de p\u00fablico conocimiento:<\/p>\n","protected":false},"author":1,"featured_media":0,"parent":0,"menu_order":0,"comment_status":"closed","ping_status":"closed","template":"","meta":{"neve_meta_sidebar":"full-width","neve_meta_container":"","neve_meta_enable_content_width":"on","neve_meta_content_width":100,"neve_meta_title_alignment":"","neve_meta_author_avatar":"","neve_post_elements_order":"","neve_meta_disable_header":"","neve_meta_disable_footer":"","neve_meta_disable_title":"on","_themeisle_gutenberg_block_has_review":false,"_ti_tpc_template_sync":false,"_ti_tpc_template_id":"94gtya0n2udx05knf121"},"_links":{"self":[{"href":"https:\/\/pampaventures.com\/index.php\/wp-json\/wp\/v2\/pages\/69"}],"collection":[{"href":"https:\/\/pampaventures.com\/index.php\/wp-json\/wp\/v2\/pages"}],"about":[{"href":"https:\/\/pampaventures.com\/index.php\/wp-json\/wp\/v2\/types\/page"}],"author":[{"embeddable":true,"href":"https:\/\/pampaventures.com\/index.php\/wp-json\/wp\/v2\/users\/1"}],"replies":[{"embeddable":true,"href":"https:\/\/pampaventures.com\/index.php\/wp-json\/wp\/v2\/comments?post=69"}],"version-history":[{"count":5,"href":"https:\/\/pampaventures.com\/index.php\/wp-json\/wp\/v2\/pages\/69\/revisions"}],"predecessor-version":[{"id":392,"href":"https:\/\/pampaventures.com\/index.php\/wp-json\/wp\/v2\/pages\/69\/revisions\/392"}],"wp:attachment":[{"href":"https:\/\/pampaventures.com\/index.php\/wp-json\/wp\/v2\/media?parent=69"}],"curies":[{"name":"wp","href":"https:\/\/api.w.org\/{rel}","templated":true}]}}